{"id":45,"date":"2025-02-08T11:16:09","date_gmt":"2025-02-08T10:16:09","guid":{"rendered":"https:\/\/www.taxi-aeroport-charleroi.be\/?page_id=45"},"modified":"2025-02-21T11:30:51","modified_gmt":"2025-02-21T10:30:51","slug":"main-page","status":"publish","type":"page","link":"https:\/\/www.taxi-aeroport-charleroi.be\/","title":{"rendered":"Main page"},"content":{"rendered":"\t\t<div data-elementor-type=\"wp-post\" data-elementor-id=\"45\" class=\"elementor elementor-45\">\n\t\t\t\t<div class=\"elementor-element elementor-element-c0ba0c0 e-con-full e-flex e-con e-parent\" data-id=\"c0ba0c0\" data-element_type=\"container\">\n\t\t\t\t<div class=\"elementor-element elementor-element-0000a38 elementor-widget elementor-widget-html\" data-id=\"0000a38\" data-element_type=\"widget\" data-widget_type=\"html.default\">\n\t\t\t\t<div class=\"elementor-widget-container\">\n\t\t\t\t\t<div style=\"width: 514px; height: 438px; position: relative; background: rgba(255, 255, 255, 0)\">\r\n  <div style=\"width: 75px; height: 75px; left: 401px; top: 58px; position: absolute; background: #B12A2A\"><\/div>\r\n  <div style=\"width: 75px; height: 75px; left: 326px; top: 58px; position: absolute; background: #7A7A7A\"><\/div>\r\n  <div style=\"width: 75px; height: 75px; left: 251px; top: 58px; position: absolute; background: #E4C59E\"><\/div>\r\n  <div style=\"width: 75px; height: 75px; left: 176px; top: 58px; position: absolute; background: #FFAA00\"><\/div>\r\n  <div style=\"width: 75px; height: 75px; left: 101px; top: 58px; position: absolute; background: #2F6DB2\"><\/div>\r\n  <div style=\"width: 75px; height: 75px; left: 26px; top: 58px; position: absolute; background: #F5F5F5\"><\/div>\r\n  <div style=\"width: 75px; height: 41px; left: 26px; top: 17px; position: absolute; text-align: center; color: #7A7A7A; font-size: 9px; font-family: Inter; font-weight: 400; word-wrap: break-word\">Fond clair pour lisibilit\u00e9 et espace<\/div>\r\n  <div style=\"width: 75px; height: 41px; left: 101px; top: 17px; position: absolute; text-align: center; color: #7A7A7A; font-size: 9px; font-family: Inter; font-weight: 400; word-wrap: break-word\">Liens, contraste premium<\/div>\r\n  <div style=\"width: 75px; height: 41px; left: 176px; top: 17px; position: absolute; text-align: center; color: #7A7A7A; font-size: 9px; font-family: Inter; font-weight: 400; word-wrap: break-word\">Couleur principale (Call-to-action, boutons, points forts)<\/div>\r\n  <div style=\"width: 75px; height: 41px; left: 251px; top: 17px; position: absolute; text-align: center; color: #7A7A7A; font-size: 9px; font-family: Inter; font-weight: 400; word-wrap: break-word\">\u00c9l\u00e9ments doux, accents \u00e9l\u00e9gants<\/div>\r\n  <div style=\"width: 75px; height: 41px; left: 326px; top: 17px; position: absolute; text-align: center; color: #7A7A7A; font-size: 9px; font-family: Inter; font-weight: 400; word-wrap: break-word\">Texte, arri\u00e8re-plan sombre<\/div>\r\n  <div style=\"width: 75px; height: 41px; left: 401px; top: 17px; position: absolute; text-align: center; color: #7A7A7A; font-size: 9px; font-family: Inter; font-weight: 400; word-wrap: break-word\">Accent dynamique (alerte, promo)<\/div>\r\n  <div style=\"width: 194px; left: 30px; top: 138px; position: absolute\"><span style=\"color: #7A7A7A; font-size: 12px; font-family: Inter; font-weight: 400; word-wrap: break-word\">Raleway (Titres & CTA - \u00c9l\u00e9gant & Impactant)<br\/><\/span><span style=\"color: #7A7A7A; font-size: 12px; font-family: Inter; font-weight: 400; word-wrap: break-word\">Utilisation : Titres, en-t\u00eates, boutons, slogans.<br\/>Pourquoi ? Son design raffin\u00e9 donne un effet haut de gamme et dynamique.<\/span><\/div>\r\n  <div style=\"width: 196px; left: 275px; top: 138px; position: absolute\"><span style=\"color: #7A7A7A; font-size: 12px; font-family: Inter; font-weight: 400; word-wrap: break-word\">Nunito (Textes & Descriptions - Convivial & Lisible)<br\/><\/span><span style=\"color: #7A7A7A; font-size: 12px; font-family: Inter; font-weight: 400; word-wrap: break-word\">Utilisation : Paragraphes, descriptions, labels.<br\/>Pourquoi ? Son arrondi l\u00e9ger donne un confort de lecture, id\u00e9al pour l\u2019exp\u00e9rience utilisateur.<\/span><\/div>\r\n<\/div>\t\t\t\t<\/div>\n\t\t\t\t<\/div>\n\t\t\t\t<\/div>\n\t\t\t\t<\/div>\n\t\t","protected":false},"excerpt":{"rendered":"<p>Fond clair pour lisibilit\u00e9 et espace Liens, contraste premium Couleur principale (Call-to-action, boutons, points forts) \u00c9l\u00e9ments doux, accents \u00e9l\u00e9gants Texte, arri\u00e8re-plan sombre Accent dynamique (alerte, promo) Raleway (Titres &#038; CTA &#8211; \u00c9l\u00e9gant &#038; Impactant)Utilisation : Titres, en-t\u00eates, boutons, slogans.Pourquoi ? Son design raffin\u00e9 donne un effet haut de gamme et dynamique. Nunito (Textes &#038; Descriptions [&hellip;]<\/p>\n","protected":false},"author":1,"featured_media":0,"parent":0,"menu_order":0,"comment_status":"closed","ping_status":"closed","template":"","meta":{"footnotes":""},"class_list":["post-45","page","type-page","status-publish","hentry"],"_links":{"self":[{"href":"https:\/\/www.taxi-aeroport-charleroi.be\/index.php?rest_route=\/wp\/v2\/pages\/45","targetHints":{"allow":["GET"]}}],"collection":[{"href":"https:\/\/www.taxi-aeroport-charleroi.be\/index.php?rest_route=\/wp\/v2\/pages"}],"about":[{"href":"https:\/\/www.taxi-aeroport-charleroi.be\/index.php?rest_route=\/wp\/v2\/types\/page"}],"author":[{"embeddable":true,"href":"https:\/\/www.taxi-aeroport-charleroi.be\/index.php?rest_route=\/wp\/v2\/users\/1"}],"replies":[{"embeddable":true,"href":"https:\/\/www.taxi-aeroport-charleroi.be\/index.php?rest_route=%2Fwp%2Fv2%2Fcomments&post=45"}],"version-history":[{"count":137,"href":"https:\/\/www.taxi-aeroport-charleroi.be\/index.php?rest_route=\/wp\/v2\/pages\/45\/revisions"}],"predecessor-version":[{"id":205,"href":"https:\/\/www.taxi-aeroport-charleroi.be\/index.php?rest_route=\/wp\/v2\/pages\/45\/revisions\/205"}],"wp:attachment":[{"href":"https:\/\/www.taxi-aeroport-charleroi.be\/index.php?rest_route=%2Fwp%2Fv2%2Fmedia&parent=45"}],"curies":[{"name":"wp","href":"https:\/\/api.w.org\/{rel}","templated":true}]}}